{"id":3,"date":"2019-01-29T18:34:25","date_gmt":"2019-01-29T18:34:25","guid":{"rendered":"http:\/\/constructionlabels.com\/constructionlabels\/?page_id=3"},"modified":"2025-05-30T17:25:33","modified_gmt":"2025-05-30T17:25:33","slug":"privacy-policy","status":"publish","type":"page","link":"https:\/\/constructionlabels.us\/es\/privacy-policy\/","title":{"rendered":"pol\u00edtica de privacidad"},"content":{"rendered":"<div data-elementor-type=\"wp-page\" data-elementor-id=\"3\" class=\"elementor elementor-3\" data-elementor-post-type=\"page\">\n\t\t\t\t\t\t<section class=\"elementor-section elementor-top-section elementor-element elementor-element-3cc4dacf elementor-section-boxed elementor-section-height-default elementor-section-height-default\" data-id=\"3cc4dacf\" data-element_type=\"section\" data-e-type=\"section\">\n\t\t\t\t\t\t<div class=\"elementor-container elementor-column-gap-default\">\n\t\t\t\t\t<div class=\"elementor-column elementor-col-100 elementor-top-column elementor-element elementor-element-77daacc9\" data-id=\"77daacc9\" data-element_type=\"column\" data-e-type=\"column\">\n\t\t\t<div class=\"elementor-widget-wrap elementor-element-populated\">\n\t\t\t\t\t\t<div class=\"elementor-element elementor-element-2abd009c elementor-widget elementor-widget-text-editor\" data-id=\"2abd009c\" data-element_type=\"widget\" data-e-type=\"widget\" data-widget_type=\"text-editor.default\">\n\t\t\t\t<div class=\"elementor-widget-container\">\n\t\t\t\t\t\t\t\t\t<p>POL\u00cdTICA DE PRIVACIDAD<\/p>\n<p><strong>Fecha de entrada en vigor: 1 de agosto de 2021<\/strong><\/p>\n<p>Este aviso de privacidad revela las pr\u00e1cticas de privacidad de https:\/\/constructionlabels.us. Este aviso de privacidad se aplica \u00fanicamente a la informaci\u00f3n recopilada por este sitio web, excepto cuando se indique lo contrario. Le notificar\u00e1 lo siguiente:<\/p>\n<ul>\n<li>Qu\u00e9 informaci\u00f3n recopilamos;<\/li>\n<li>Con qui\u00e9n se comparte;<\/li>\n<li>\u00bfC\u00f3mo se puede corregir?<\/li>\n<li>\u00bfC\u00f3mo se asegura?<\/li>\n<li>C\u00f3mo se comunicar\u00e1n los cambios de pol\u00edtica;&nbsp;<\/li>\n<li>C\u00f3mo abordar las preocupaciones sobre el uso indebido de datos personales.<\/li>\n<\/ul>\n<p><strong>Recopilaci\u00f3n, uso y compartici\u00f3n de informaci\u00f3n<\/strong>&nbsp;<br><span style=\"font-style: inherit; font-weight: inherit; color: var( --e-global-color-7526403 );\">Somos los \u00fanicos propietarios de la informaci\u00f3n recopilada en este sitio. Solo tenemos acceso a la informaci\u00f3n que usted nos proporciona voluntariamente por correo electr\u00f3nico u otro contacto directo. No venderemos ni alquilaremos esta informaci\u00f3n a nadie.<\/span><\/p>\n<p>Utilizaremos su informaci\u00f3n para responderle sobre el motivo por el que se comunic\u00f3 con nosotros. No compartiremos su informaci\u00f3n con ning\u00fan tercero fuera de nuestra organizaci\u00f3n, salvo que sea necesario para cumplir con su solicitud, por ejemplo, para enviar un pedido.<\/p>\n<p><strong>C\u00f3mo utilizamos su informaci\u00f3n<\/strong> <br>Utilizamos la informaci\u00f3n recopilada para los siguientes fines: <br>Para procesar y cumplir con sus pedidos, incluido el env\u00edo y el procesamiento de pagos. <br>Para comunicarnos con usted respecto a sus pedidos o consultas.<br>Para mejorar nuestro Sitio y personalizar su experiencia de compra. <br>Para cumplir con obligaciones legales, como la prevenci\u00f3n del fraude y el cumplimiento fiscal.&nbsp;<\/p>\n<p><span style=\"font-style: inherit; color: var( --e-global-color-7526403 );\"><b>C\u00f3mo protegemos su informaci\u00f3n <br><\/b><\/span><span style=\"font-style: inherit; font-weight: inherit; color: var( --e-global-color-7526403 );\">Nos tomamos muy en serio la seguridad de su informaci\u00f3n personal. Las medidas que implementamos incluyen:<\/span><\/p>\n<ul>\n<li><span style=\"color: var( --e-global-color-7526403 ); font-style: inherit; font-weight: inherit;\">Procesamiento de pagos seguro: todas las transacciones de pago est\u00e1n cifradas y se gestionan a trav\u00e9s de pasarelas de pago de terceros de confianza. No almacenamos los datos completos de su tarjeta de cr\u00e9dito.&nbsp;<\/span><\/li>\n<li><span style=\"font-style: inherit; font-weight: inherit; color: var( --e-global-color-7526403 );\">Cifrado de datos: La informaci\u00f3n personal transmitida a trav\u00e9s de nuestro Sitio est\u00e1 protegida mediante tecnolog\u00eda SSL (Secure Socket Layer).&nbsp;<\/span><\/li>\n<li><span style=\"font-style: inherit; font-weight: inherit; color: var( --e-global-color-7526403 );\">Control de Acceso: El acceso a sus datos personales est\u00e1 restringido \u00fanicamente al personal autorizado.&nbsp;<\/span><\/li>\n<\/ul>\n<p><span style=\"font-style: inherit; font-weight: inherit; color: var( --e-global-color-7526403 );\">A pesar de nuestros esfuerzos, ninguna plataforma en l\u00ednea puede garantizar la seguridad total de los datos. Tenga cuidado al compartir informaci\u00f3n personal.&nbsp;<\/span><\/p>\n<p><span style=\"font-style: inherit; color: var( --e-global-color-7526403 );\"><b>Intercambio de informaci\u00f3n con terceros<\/b><br><span style=\"font-weight: inherit;\">Podemos compartir su informaci\u00f3n con terceros en circunstancias limitadas, como:&nbsp;<\/span><\/span><\/p>\n<ul>\n<li><span style=\"font-style: inherit; color: var( --e-global-color-7526403 );\">Proveedores de servicios: transportistas, procesadores de pagos y equipos de soporte de TI que nos ayudan a operar el Sitio.<\/span><\/li>\n<li><span style=\"font-weight: inherit; color: var( --e-global-color-7526403 ); font-style: inherit;\">Requisitos legales: Para cumplir con las leyes, regulaciones o procesos legales aplicables.&nbsp;<\/span><\/li>\n<li><span style=\"font-style: inherit; color: var( --e-global-color-7526403 );\"><span style=\"font-weight: inherit;\">Transacciones comerciales: En caso de fusi\u00f3n, adquisici\u00f3n o venta de activos, su informaci\u00f3n puede ser transferida a la nueva entidad. No vendemos ni alquilamos su informaci\u00f3n personal a terceros con fines comerciales.<\/span><\/span><\/li>\n<\/ul>\n<p>A menos que nos solicite no hacerlo, es posible que nos comuniquemos con usted por correo electr\u00f3nico en el futuro para informarle sobre ofertas especiales, nuevos productos o servicios o cambios a esta pol\u00edtica de privacidad.<\/p>\n<p><strong>Su acceso y control sobre la informaci\u00f3n<\/strong>&nbsp;<br><span style=\"font-style: inherit; font-weight: inherit; color: var( --e-global-color-7526403 );\">Puede optar por no recibir nuestros contactos en el futuro en cualquier momento. Puede hacer lo siguiente en cualquier momento comunic\u00e1ndose con nosotros a trav\u00e9s de la direcci\u00f3n de correo electr\u00f3nico proporcionada en nuestro sitio web:<\/span><\/p>\n<ul>\n<li>Vea qu\u00e9 datos tenemos sobre usted, si hay alguno.<\/li>\n<li>Cambiar\/corregir cualquier dato que tengamos sobre usted.<\/li>\n<li>P\u00eddenos que eliminemos cualquier dato que tengamos sobre ti.<\/li>\n<li>\n<p>Exprese cualquier inquietud que tenga sobre nuestro uso de sus datos.<\/p>\n<\/li>\n<\/ul>\n<p><strong>Seguridad<\/strong>&nbsp;<br><span style=\"font-style: inherit; font-weight: inherit; color: var( --e-global-color-7526403 );\">Tomamos precauciones para proteger su informaci\u00f3n. Cuando env\u00eda informaci\u00f3n confidencial a trav\u00e9s del sitio web, su informaci\u00f3n est\u00e1 protegida tanto en l\u00ednea como fuera de l\u00ednea.<\/span><\/p>\n<p>Siempre que recopilamos informaci\u00f3n confidencial (como datos de tarjetas de cr\u00e9dito), dicha informaci\u00f3n se encripta y se nos transmite de forma segura. Puede verificar esto buscando un \u00edcono de candado cerrado en la parte inferior de su navegador web o buscando &quot;https&quot; al comienzo de la direcci\u00f3n de la p\u00e1gina web.<\/p>\n<p>Si bien utilizamos cifrado para proteger la informaci\u00f3n confidencial transmitida en l\u00ednea, tambi\u00e9n protegemos su informaci\u00f3n fuera de l\u00ednea. Solo los empleados que necesitan la informaci\u00f3n para realizar un trabajo espec\u00edfico (por ejemplo, facturaci\u00f3n o servicio al cliente) tienen acceso a la informaci\u00f3n de identificaci\u00f3n personal. Las computadoras\/servidores en los que almacenamos informaci\u00f3n de identificaci\u00f3n personal se mantienen en un entorno seguro.<\/p>\n<p><strong style=\"font-style: inherit; color: var( --e-global-color-7526403 );\">Si considera que no estamos cumpliendo con esta pol\u00edtica de privacidad, debe comunicarse con nosotros de inmediato. <\/strong><strong style=\"font-style: inherit; color: var( --e-global-color-7526403 );\">por correo electr\u00f3nico INFO@CONSTRUCTIONLABELS.US<\/strong><strong style=\"font-style: inherit; color: var( --e-global-color-7526403 );\">.<\/strong><span style=\"font-style: inherit; font-weight: inherit; color: var( --e-global-color-7526403 );\">&nbsp;<\/span><\/p>\n<p><strong>Galletas<\/strong>&nbsp;<br><span style=\"font-style: inherit; font-weight: inherit; color: var( --e-global-color-7526403 );\">En este sitio utilizamos \u201ccookies\u201d. Una cookie es un fragmento de datos que se almacena en el disco duro del visitante del sitio para ayudarnos a mejorar su acceso a nuestro sitio e identificar a los visitantes habituales. Las cookies tambi\u00e9n nos permiten rastrear y orientar los intereses de nuestros usuarios para mejorar su experiencia en nuestro sitio. El uso de una cookie no est\u00e1 vinculado de ninguna manera a ninguna informaci\u00f3n de identificaci\u00f3n personal en nuestro sitio.<\/span><\/p>\n<p><strong>Intercambio<\/strong>&nbsp;<br><span style=\"color: var( --e-global-color-7526403 ); font-style: inherit; font-weight: inherit;\">Utilizamos una empresa de env\u00edo externa para enviar los pedidos y una empresa de procesamiento de tarjetas de cr\u00e9dito para facturar a los usuarios los bienes y servicios. Estas empresas no conservan, comparten, almacenan ni utilizan informaci\u00f3n de identificaci\u00f3n personal para ning\u00fan otro fin que no sea completar su pedido.<\/span><\/p>\n<div data-block-id=\"block-ed0f53cf-592f-4f32-9759-3b8f06457981\"><strong>T\u00e9rminos de SMS<\/strong><\/div>\n<div data-block-id=\"block-4aaa3137-cb04-43bf-9624-85aa6bc708bb\">Nox Group, LLC, tambi\u00e9n conocido como Nox Group o cualquiera de sus compa\u00f1\u00edas operadoras, le ofrece la opci\u00f3n de participar en conversaciones por SMS sobre su solicitud de empleo. Al participar, usted tambi\u00e9n comprende que la frecuencia de los mensajes puede variar seg\u00fan el estado de su solicitud de empleo y que pueden aplicarse tarifas por mensajes y datos. Consulte con su operador para obtener m\u00e1s informaci\u00f3n sobre las tarifas y cargos aplicables. Los operadores no se responsabilizan de los mensajes retrasados o no entregados. Responda &quot;STOP&quot; para cancelar y &quot;HELP&quot; para obtener ayuda.<br><br><\/div>\n<div data-block-id=\"block-d225870b-2ec4-4771-aa99-026e0360d7f1\">Al optar por recibir mensajes de texto SMS sobre su solicitud de empleo, usted reconoce y acepta que sus datos de consentimiento, n\u00famero de tel\u00e9fono m\u00f3vil e informaci\u00f3n personal se recopilar\u00e1n y almacenar\u00e1n \u00fanicamente con el fin de proporcionarle actualizaciones e informaci\u00f3n relacionada con su solicitud. No se compartir\u00e1 informaci\u00f3n m\u00f3vil con terceros ni afiliados con fines de marketing ni promocionales. Todas las categor\u00edas anteriores excluyen los datos de consentimiento y la autorizaci\u00f3n del remitente de los mensajes de texto; esta informaci\u00f3n no se compartir\u00e1 con terceros.<\/div><div data-block-id=\"block-d225870b-2ec4-4771-aa99-026e0360d7f1\"><br><\/div>\n<p><strong>Encuestas y concursos<\/strong>&nbsp;<br><span style=\"font-style: inherit; font-weight: inherit; color: var( --e-global-color-7526403 );\">De vez en cuando, nuestro sitio solicita informaci\u00f3n a trav\u00e9s de encuestas, formularios web o concursos. La participaci\u00f3n en estos es completamente voluntaria y usted puede elegir si desea participar o no y, por lo tanto, divulgar esta informaci\u00f3n. La informaci\u00f3n solicitada puede incluir informaci\u00f3n de contacto (como nombre y direcci\u00f3n de env\u00edo) e informaci\u00f3n demogr\u00e1fica (como c\u00f3digo postal, nivel de edad). La informaci\u00f3n de contacto se utilizar\u00e1 para notificarles. La informaci\u00f3n de la encuesta se utilizar\u00e1 con el fin de monitorear o mejorar el uso y la satisfacci\u00f3n de este sitio.<\/span><\/p>\n<p>Actualizado: 30\/05\/2025<\/p>\n<p><!-- \/wp:heading --><\/p>\t\t\t\t\t\t\t\t<\/div>\n\t\t\t\t<\/div>\n\t\t\t\t\t<\/div>\n\t\t<\/div>\n\t\t\t\t\t<\/div>\n\t\t<\/section>\n\t\t\t\t<\/div>","protected":false},"excerpt":{"rendered":"<p>PRIVACY POLICY Effective Date: 8\/1\/2021 This privacy notice discloses the privacy practices for https:\/\/constructionlabels.us. This privacy notice applies solely to information collected by this website, except where stated otherwise. It will notify you of the following: What information we collect; With whom it is shared; How it can be corrected; How it is secured; How [&hellip;]<\/p>\n","protected":false},"author":1,"featured_media":0,"parent":0,"menu_order":0,"comment_status":"closed","ping_status":"open","template":"elementor_canvas","meta":{"_monsterinsights_skip_tracking":false,"_monsterinsights_sitenote_active":false,"_monsterinsights_sitenote_note":"","_monsterinsights_sitenote_category":0,"site-sidebar-layout":"no-sidebar","site-content-layout":"default","ast-site-content-layout":"default","site-content-style":"default","site-sidebar-style":"default","ast-global-header-display":"","ast-banner-title-visibility":"","ast-main-header-display":"","ast-hfb-above-header-display":"","ast-hfb-below-header-display":"","ast-hfb-mobile-header-display":"","site-post-title":"","ast-breadcrumbs-content":"","ast-featured-img":"","footer-sml-layout":"","ast-disable-related-posts":"","theme-transparent-header-meta":"disabled","adv-header-id-meta":"","stick-header-meta":"","header-above-stick-meta":"","header-main-stick-meta":"","header-below-stick-meta":"","astra-migrate-meta-layouts":"default","ast-page-background-enabled":"default","ast-page-background-meta":{"desktop":{"background-color":"","background-image":"","background-repeat":"repeat","background-position":"center center","background-size":"auto","background-attachment":"scroll","background-type":"","background-media":"","overlay-type":"","overlay-color":"","overlay-opacity":"","overlay-gradient":""},"tablet":{"background-color":"","background-image":"","background-repeat":"repeat","background-position":"center center","background-size":"auto","background-attachment":"scroll","background-type":"","background-media":"","overlay-type":"","overlay-color":"","overlay-opacity":"","overlay-gradient":""},"mobile":{"background-color":"","background-image":"","background-repeat":"repeat","background-position":"center center","background-size":"auto","background-attachment":"scroll","background-type":"","background-media":"","overlay-type":"","overlay-color":"","overlay-opacity":"","overlay-gradient":""}},"ast-content-background-meta":{"desktop":{"background-color":"var(--ast-global-color-5)","background-image":"","background-repeat":"repeat","background-position":"center center","background-size":"auto","background-attachment":"scroll","background-type":"","background-media":"","overlay-type":"","overlay-color":"","overlay-opacity":"","overlay-gradient":""},"tablet":{"background-color":"var(--ast-global-color-5)","background-image":"","background-repeat":"repeat","background-position":"center center","background-size":"auto","background-attachment":"scroll","background-type":"","background-media":"","overlay-type":"","overlay-color":"","overlay-opacity":"","overlay-gradient":""},"mobile":{"background-color":"var(--ast-global-color-5)","background-image":"","background-repeat":"repeat","background-position":"center center","background-size":"auto","background-attachment":"scroll","background-type":"","background-media":"","overlay-type":"","overlay-color":"","overlay-opacity":"","overlay-gradient":""}},"footnotes":""},"class_list":["post-3","page","type-page","status-publish","hentry"],"_links":{"self":[{"href":"https:\/\/constructionlabels.us\/es\/wp-json\/wp\/v2\/pages\/3","targetHints":{"allow":["GET"]}}],"collection":[{"href":"https:\/\/constructionlabels.us\/es\/wp-json\/wp\/v2\/pages"}],"about":[{"href":"https:\/\/constructionlabels.us\/es\/wp-json\/wp\/v2\/types\/page"}],"author":[{"embeddable":true,"href":"https:\/\/constructionlabels.us\/es\/wp-json\/wp\/v2\/users\/1"}],"replies":[{"embeddable":true,"href":"https:\/\/constructionlabels.us\/es\/wp-json\/wp\/v2\/comments?post=3"}],"version-history":[{"count":0,"href":"https:\/\/constructionlabels.us\/es\/wp-json\/wp\/v2\/pages\/3\/revisions"}],"wp:attachment":[{"href":"https:\/\/constructionlabels.us\/es\/wp-json\/wp\/v2\/media?parent=3"}],"curies":[{"name":"gracias","href":"https:\/\/api.w.org\/{rel}","templated":true}]}}